{"id":282,"date":"2011-12-31T23:59:36","date_gmt":"2011-12-31T23:59:36","guid":{"rendered":"http:\/\/graziellacosmetic.ch.arvandus.ch-meta.net\/?page_id=282"},"modified":"2025-03-30T08:21:03","modified_gmt":"2025-03-30T08:21:03","slug":"aktuell","status":"publish","type":"page","link":"http:\/\/graziellacosmetic.ch\/","title":{"rendered":"Aktuell"},"content":{"rendered":"\n<h3 class=\"wp-block-heading\">Neu bei mir im Studio<\/h3>\n\n\n<div class=\"wp-block-image\">\n<figure class=\"alignleft\"><img decoding=\"async\" loading=\"lazy\" width=\"300\" height=\"226\" src=\"http:\/\/graziellacosmetic.ch\/wp-content\/uploads\/2023\/06\/thlg-768x578-1-300x226.jpg\" alt=\"\" class=\"wp-image-1274\" srcset=\"http:\/\/graziellacosmetic.ch\/wp-content\/uploads\/2023\/06\/thlg-768x578-1-300x226.jpg 300w, http:\/\/graziellacosmetic.ch\/wp-content\/uploads\/2023\/06\/thlg-768x578-1.jpg 768w\" sizes=\"(max-width: 300px) 100vw, 300px\" \/><\/figure><\/div>\n\n\n<h3 class=\"wp-block-heading\">Hyalu-Procollag\u00e8ne Gesichtsbehandlung<\/h3>\n\n\n\n<p>Die Kraft des Meeres f\u00fcr Ihre Sch\u00f6nheit.<br>Der erste &#171;maritime Filler&#187; mit dreifach Wirkung selbst bei dauerhaft bestehenden Falten,<br>mit Hyalurons\u00e4ure und maritimes Kollagen.<\/p>\n\n\n\n<p><strong>Ergebnis<\/strong>:<\/p>\n\n\n\n<ul>\n<li>Haut wird sofort aufgepolstert<\/li>\n\n\n\n<li>sichtbar gegl\u00e4ttete Falten<\/li>\n\n\n\n<li>sukzessive Faltenauff\u00fcllung<\/li>\n<\/ul>\n\n\n\n<p>Preis: 185.-<\/p>\n\n\n\n<p>Ihre Sch\u00f6nheit liegt in meinen H\u00e4nden<\/p>\n\n\n\n<p><span style=\"font-size: x-small;\">alle Preise verstehen sich in Sfr<\/span><\/p>\n","protected":false},"excerpt":{"rendered":"<p>Neu bei mir im Studio Hyalu-Procollag\u00e8ne Gesichtsbehandlung Die Kraft des Meeres f\u00fcr Ihre Sch\u00f6nheit.Der erste &#171;maritime Filler&#187; mit dreifach Wirkung selbst bei dauerhaft bestehenden Falten,mit Hyalurons\u00e4ure und maritimes Kollagen. Ergebnis: Preis: 185.- Ihre Sch\u00f6nheit liegt in meinen H\u00e4nden alle Preise verstehen sich in Sfr<\/p>\n","protected":false},"author":1,"featured_media":0,"parent":0,"menu_order":0,"comment_status":"closed","ping_status":"closed","template":"","meta":[],"_links":{"self":[{"href":"http:\/\/graziellacosmetic.ch\/index.php?rest_route=\/wp\/v2\/pages\/282"}],"collection":[{"href":"http:\/\/graziellacosmetic.ch\/index.php?rest_route=\/wp\/v2\/pages"}],"about":[{"href":"http:\/\/graziellacosmetic.ch\/index.php?rest_route=\/wp\/v2\/types\/page"}],"author":[{"embeddable":true,"href":"http:\/\/graziellacosmetic.ch\/index.php?rest_route=\/wp\/v2\/users\/1"}],"replies":[{"embeddable":true,"href":"http:\/\/graziellacosmetic.ch\/index.php?rest_route=%2Fwp%2Fv2%2Fcomments&post=282"}],"version-history":[{"count":3,"href":"http:\/\/graziellacosmetic.ch\/index.php?rest_route=\/wp\/v2\/pages\/282\/revisions"}],"predecessor-version":[{"id":1318,"href":"http:\/\/graziellacosmetic.ch\/index.php?rest_route=\/wp\/v2\/pages\/282\/revisions\/1318"}],"wp:attachment":[{"href":"http:\/\/graziellacosmetic.ch\/index.php?rest_route=%2Fwp%2Fv2%2Fmedia&parent=282"}],"curies":[{"name":"wp","href":"https:\/\/api.w.org\/{rel}","templated":true}]}}